{"id":23,"date":"2016-01-05T10:47:07","date_gmt":"2016-01-05T09:47:07","guid":{"rendered":"http:\/\/21.sos-permis.com\/?page_id=23"},"modified":"2018-10-09T21:40:30","modified_gmt":"2018-10-09T20:40:30","slug":"annulation-du-permis-de-conduire","status":"publish","type":"page","link":"https:\/\/www.sos-permis.com\/index.php\/annulation-du-permis-de-conduire","title":{"rendered":"Annulation du permis de conduire"},"content":{"rendered":"<p>l&rsquo;annulation du permis de conduire est l&rsquo;annulation du droit de conduire tout v\u00e9hicule n\u00e9cessitant un permis, accompagn\u00e9 d&rsquo;un certain d\u00e9lai avant de solliciter un nouveau permis. Cette sanction est exclusivement prononc\u00e9e par un juge \u00e0 la suite d&rsquo;une infraction grave.<\/p>\n<p><img src=\"https:\/\/www.sos-permis.com\/img\/separateur.png\" alt=\"\" \/><\/p>\n<h2>Les infractions concern\u00e9es<\/h2>\n<p><strong>La r\u00e9cidive de d\u00e9lit routier :<\/strong><\/p>\n<ul>\n<li>Conduite sous emprise d&rsquo;alcool ou de stup\u00e9fiants<\/li>\n<li>D\u00e9passement de vitesse autoris\u00e9e de plus de 50km\/h<\/li>\n<li>Conduire sans permis<\/li>\n<\/ul>\n<p><img src=\"https:\/\/www.sos-permis.com\/img\/separateur.png\" alt=\"\" \/><\/p>\n<h2>Sanction \u00e0 titre compl\u00e9mentaire<\/h2>\n<p>Cette sanction peut \u00e9galement \u00eatre prononc\u00e9e \u00e0 titre compl\u00e9mentaire pour des infractions n&rsquo;ayant aucun lien avec la circulation routi\u00e8re.<br \/>\nLe pr\u00e9fet a le pouvoir d&rsquo;effectuer un retrait de permis de conduire pour motif m\u00e9dical si le conducteur est d\u00e9clar\u00e9 inapte \u00e0 la conduite par un m\u00e9decin.<br \/>\nDans tous les cas, cette peine est assortie d&rsquo;une interdiction formelle de se pr\u00e9senter\u00e0 l&rsquo;examen du permis de conduire pour une dur\u00e9e d\u00e9termin\u00e9e.<br \/>\nLa personne sanctionn\u00e9e a la possibilit\u00e9 d&rsquo;effectuer un recours aupr\u00e8s du tribunal concern\u00e9 contre la d\u00e9cision prise \u00e0 son \u00e9gard.<\/p>\n","protected":false},"excerpt":{"rendered":"<p>l&rsquo;annulation du permis de conduire est l&rsquo;annulation du droit de conduire tout v\u00e9hicule n\u00e9cessitant un permis, accompagn\u00e9 d&rsquo;un certain d\u00e9lai avant de solliciter un nouveau permis. Cette sanction est exclusivement prononc\u00e9e par un juge \u00e0 la suite d&rsquo;une infraction grave. Les infractions concern\u00e9es La r\u00e9cidive de d\u00e9lit routier : Conduite sous emprise d&rsquo;alcool ou de &hellip; <a href=\"https:\/\/www.sos-permis.com\/index.php\/annulation-du-permis-de-conduire\" class=\"more-link\">Continuer la lecture<span class=\"screen-reader-text\"> de &laquo;&nbsp;Annulation du permis de conduire&nbsp;&raquo;<\/span><\/a><\/p>\n","protected":false},"author":1,"featured_media":0,"parent":0,"menu_order":0,"comment_status":"closed","ping_status":"closed","template":"","meta":[],"yoast_head":"<!-- This site is optimized with the Yoast SEO plugin v15.8 - https:\/\/yoast.com\/wordpress\/plugins\/seo\/ -->\n<title>Annulation du permis de conduire - SOS PERMIS<\/title>\n<meta name=\"robots\" content=\"index, follow, max-snippet:-1, max-image-preview:large, max-video-preview:-1\" \/>\n<link rel=\"canonical\" href=\"https:\/\/www.sos-permis.com\/index.php\/annulation-du-permis-de-conduire\" \/>\n<meta property=\"og:locale\" content=\"fr_FR\" \/>\n<meta property=\"og:type\" content=\"article\" \/>\n<meta property=\"og:title\" content=\"Annulation du permis de conduire - SOS PERMIS\" \/>\n<meta property=\"og:description\" content=\"l&rsquo;annulation du permis de conduire est l&rsquo;annulation du droit de conduire tout v\u00e9hicule n\u00e9cessitant un permis, accompagn\u00e9 d&rsquo;un certain d\u00e9lai avant de solliciter un nouveau permis. Cette sanction est exclusivement prononc\u00e9e par un juge \u00e0 la suite d&rsquo;une infraction grave. Les infractions concern\u00e9es La r\u00e9cidive de d\u00e9lit routier : Conduite sous emprise d&rsquo;alcool ou de &hellip; Continuer la lecture de &laquo;&nbsp;Annulation du permis de conduire&nbsp;&raquo;\" \/>\n<meta property=\"og:url\" content=\"https:\/\/www.sos-permis.com\/index.php\/annulation-du-permis-de-conduire\" \/>\n<meta property=\"og:site_name\" content=\"SOS PERMIS\" \/>\n<meta property=\"article:modified_time\" content=\"2018-10-09T20:40:30+00:00\" \/>\n<meta property=\"og:image\" content=\"https:\/\/www.sos-permis.com\/img\/separateur.png\" \/>\n<meta name=\"twitter:card\" content=\"summary_large_image\" \/>\n<meta name=\"twitter:label1\" content=\"Dur\u00e9e de lecture est.\">\n\t<meta name=\"twitter:data1\" content=\"1 minute\">\n<script type=\"application\/ld+json\" class=\"yoast-schema-graph\">{\"@context\":\"https:\/\/schema.org\",\"@graph\":[{\"@type\":\"WebSite\",\"@id\":\"https:\/\/www.sos-permis.com\/#website\",\"url\":\"https:\/\/www.sos-permis.com\/\",\"name\":\"SOS PERMIS\",\"description\":\"\",\"potentialAction\":[{\"@type\":\"SearchAction\",\"target\":\"https:\/\/www.sos-permis.com\/?s={search_term_string}\",\"query-input\":\"required name=search_term_string\"}],\"inLanguage\":\"fr-FR\"},{\"@type\":\"ImageObject\",\"@id\":\"https:\/\/www.sos-permis.com\/index.php\/annulation-du-permis-de-conduire#primaryimage\",\"inLanguage\":\"fr-FR\",\"url\":\"https:\/\/www.sos-permis.com\/img\/separateur.png\"},{\"@type\":\"WebPage\",\"@id\":\"https:\/\/www.sos-permis.com\/index.php\/annulation-du-permis-de-conduire#webpage\",\"url\":\"https:\/\/www.sos-permis.com\/index.php\/annulation-du-permis-de-conduire\",\"name\":\"Annulation du permis de conduire - SOS PERMIS\",\"isPartOf\":{\"@id\":\"https:\/\/www.sos-permis.com\/#website\"},\"primaryImageOfPage\":{\"@id\":\"https:\/\/www.sos-permis.com\/index.php\/annulation-du-permis-de-conduire#primaryimage\"},\"datePublished\":\"2016-01-05T09:47:07+00:00\",\"dateModified\":\"2018-10-09T20:40:30+00:00\",\"breadcrumb\":{\"@id\":\"https:\/\/www.sos-permis.com\/index.php\/annulation-du-permis-de-conduire#breadcrumb\"},\"inLanguage\":\"fr-FR\",\"potentialAction\":[{\"@type\":\"ReadAction\",\"target\":[\"https:\/\/www.sos-permis.com\/index.php\/annulation-du-permis-de-conduire\"]}]},{\"@type\":\"BreadcrumbList\",\"@id\":\"https:\/\/www.sos-permis.com\/index.php\/annulation-du-permis-de-conduire#breadcrumb\",\"itemListElement\":[{\"@type\":\"ListItem\",\"position\":1,\"item\":{\"@type\":\"WebPage\",\"@id\":\"https:\/\/www.sos-permis.com\/\",\"url\":\"https:\/\/www.sos-permis.com\/\",\"name\":\"Accueil\"}},{\"@type\":\"ListItem\",\"position\":2,\"item\":{\"@type\":\"WebPage\",\"@id\":\"https:\/\/www.sos-permis.com\/index.php\/annulation-du-permis-de-conduire\",\"url\":\"https:\/\/www.sos-permis.com\/index.php\/annulation-du-permis-de-conduire\",\"name\":\"Annulation du permis de conduire\"}}]}]}<\/script>\n<!-- \/ Yoast SEO plugin. -->","_links":{"self":[{"href":"https:\/\/www.sos-permis.com\/index.php\/wp-json\/wp\/v2\/pages\/23"}],"collection":[{"href":"https:\/\/www.sos-permis.com\/index.php\/wp-json\/wp\/v2\/pages"}],"about":[{"href":"https:\/\/www.sos-permis.com\/index.php\/wp-json\/wp\/v2\/types\/page"}],"author":[{"embeddable":true,"href":"https:\/\/www.sos-permis.com\/index.php\/wp-json\/wp\/v2\/users\/1"}],"replies":[{"embeddable":true,"href":"https:\/\/www.sos-permis.com\/index.php\/wp-json\/wp\/v2\/comments?post=23"}],"version-history":[{"count":5,"href":"https:\/\/www.sos-permis.com\/index.php\/wp-json\/wp\/v2\/pages\/23\/revisions"}],"predecessor-version":[{"id":171,"href":"https:\/\/www.sos-permis.com\/index.php\/wp-json\/wp\/v2\/pages\/23\/revisions\/171"}],"wp:attachment":[{"href":"https:\/\/www.sos-permis.com\/index.php\/wp-json\/wp\/v2\/media?parent=23"}],"curies":[{"name":"wp","href":"https:\/\/api.w.org\/{rel}","templated":true}]}}